{"id":8,"date":"2025-12-15T21:45:24","date_gmt":"2025-12-15T21:45:24","guid":{"rendered":"https:\/\/bau-handwerk-service.at\/?page_id=8"},"modified":"2025-12-16T07:28:47","modified_gmt":"2025-12-16T07:28:47","slug":"bau-handwerk-service","status":"publish","type":"page","link":"https:\/\/bau-handwerk-service.at\/","title":{"rendered":"Bau-Handwerk-Service Thomas Hofer"},"content":{"rendered":"\n<h1 class=\"wp-block-heading has-text-align-center\"><strong>Bau-Handwerk-Service Thomas Hofer<\/strong><\/h1>\n\n\n\n<figure class=\"wp-block-image aligncenter size-large\"><img loading=\"lazy\" decoding=\"async\" width=\"1024\" height=\"759\" src=\"https:\/\/bau-handwerk-service.at\/wp-content\/uploads\/2025\/12\/Chef-1024x759.jpeg\" alt=\"\" class=\"wp-image-10\" srcset=\"https:\/\/bau-handwerk-service.at\/wp-content\/uploads\/2025\/12\/Chef-1024x759.jpeg 1024w, https:\/\/bau-handwerk-service.at\/wp-content\/uploads\/2025\/12\/Chef-300x222.jpeg 300w, https:\/\/bau-handwerk-service.at\/wp-content\/uploads\/2025\/12\/Chef-768x569.jpeg 768w, https:\/\/bau-handwerk-service.at\/wp-content\/uploads\/2025\/12\/Chef-1536x1139.jpeg 1536w, https:\/\/bau-handwerk-service.at\/wp-content\/uploads\/2025\/12\/Chef-2048x1518.jpeg 2048w\" sizes=\"auto, (max-width: 1024px) 100vw, 1024px\" \/><\/figure>\n\n\n\n<div style=\"height:38px\" aria-hidden=\"true\" class=\"wp-block-spacer\"><\/div>\n\n\n\n<h2 class=\"wp-block-heading has-text-align-center\"><strong><a href=\"mailto:hofertom@hotmail.com\" data-type=\"mailto\" data-id=\"mailto:hofertom@hotmail.com\">hofertom@hotmail.com <\/a><br><a href=\"tel:4366473695060\">+4366473695060<\/a><\/strong><\/h2>\n\n\n\n<div style=\"height:38px\" aria-hidden=\"true\" class=\"wp-block-spacer\"><\/div>\n\n\n\n<h2 class=\"wp-block-heading has-text-align-center\">Unsere Leistungen<\/h2>\n\n\n\n<p>Seit 2009 ist Bau-Handwerk-Service Thomas Hofer ihr verl\u00e4ssliches Baumeister-Einzelunternehmen mit Sitz in Obermillstatt. Wir bieten Bauvorhaben, alles aus einer Hand, zu einem fairen Preis an. Durch unser Netzwerk an verl\u00e4sslichen Partnerbetrieben k\u00f6nnen wir auch gr\u00f6\u00dfere Bauvorhaben professionell abwickeln.<br>Unser Leistungsangebot umfasst:<\/p>\n\n\n\n<h4 class=\"wp-block-heading\"><strong>B<\/strong>au<\/h4>\n\n\n\n<p>Hochbau \u00a0\u00a0\u00a0\u00a0\u00a0\u00a0\u00a0\u00a0\u00a0\u00a0\u00a0\u00a0\u00a0\u00a0\u00a0\u2013\u00a0\u00a0\u00a0\u00a0\u00a0\u00a0\u00a0\u00a0\u00a0 Zu-Um- Neubau, Maurerarbeiten, Betonarbeiten, Innenausbau<br>Tiefbau \u00a0\u00a0\u00a0\u00a0\u00a0\u00a0\u00a0\u00a0\u00a0\u00a0\u00a0\u00a0\u00a0\u00a0\u00a0\u00a0\u00a0 \u2013\u00a0\u00a0\u00a0\u00a0\u00a0\u00a0\u00a0\u00a0\u00a0 Erdbau, Leitungsbau, Stra\u00dfenbau, Hauszufahrten, Parkpl\u00e4tze, Asphaltierungen, Pflasterungen, Au\u00dfenanlagengestaltung<\/p>\n\n\n\n<h4 class=\"wp-block-heading\"><strong>H<\/strong>andwerk<\/h4>\n\n\n\n<p>Montagen \u00a0\u00a0\u00a0\u00a0\u00a0\u00a0\u00a0\u00a0\u00a0\u00a0\u00a0\u00a0\u00a0 \u2013\u00a0\u00a0\u00a0\u00a0\u00a0\u00a0\u00a0\u00a0\u00a0 Holz und Metall &#8211;\u00a0 Carports, \u00dcberdachungen, Z\u00e4une, Balkone, Tore, T\u00fcren, Fenster, Trockenausbau<br>Sanierungen \u00a0\u00a0\u00a0\u00a0\u00a0\u00a0\u00a0\u00a0\u00a0\u00a0\u2013 \u00a0\u00a0\u00a0\u00a0\u00a0\u00a0\u00a0\u00a0 Betonsanierung, Mauerwerkssanierung, Vollw\u00e4rmeschutz, Mauertrockenlegung<br>Renovieren \u00a0\u00a0\u00a0\u00a0\u00a0\u00a0\u00a0\u00a0\u00a0\u00a0\u00a0 \u2013 \u00a0\u00a0\u00a0\u00a0\u00a0\u00a0\u00a0\u00a0 Haus und Wohnungsrenovierung \u2013 \u201eall in one\u201c<\/p>\n\n\n\n<h4 class=\"wp-block-heading\"><strong>S<\/strong>ervice<\/h4>\n\n\n\n<p>Hausmeisterservice\u00a0\u00a0  \u2013 \u00a0\u00a0\u00a0\u00a0\u00a0\u00a0\u00a0\u00a0ganzj\u00e4hrige Geb\u00e4ude und Liegenschaftsbetreuung<br>Umzugsservice            \u2013          Umzug, Entr\u00fcmpelungen, Entsorgungen, Transporte<\/p>\n\n\n\n<div style=\"height:42px\" aria-hidden=\"true\" class=\"wp-block-spacer\"><\/div>\n\n\n\n<blockquote class=\"wp-block-quote has-text-align-center is-layout-flow wp-block-quote-is-layout-flow\">\n<h5 class=\"wp-block-heading\">Wollen Sie entspannt und sorglos bauen, sollten Sie dem <strong>Bau-Handwerk-Service Thomas Hofer<\/strong><mark style=\"background-color:rgba(0, 0, 0, 0)\" class=\"has-inline-color has-ast-global-color-6-color\"> <\/mark>vertrauen!<\/h5>\n<\/blockquote>\n\n\n\n<div style=\"height:59px\" aria-hidden=\"true\" class=\"wp-block-spacer\"><\/div>\n","protected":false},"excerpt":{"rendered":"<p>Bau-Handwerk-Service Thomas Hofer hofertom@hotmail.com +4366473695060 Unsere Leistungen Seit 2009 ist Bau-Handwerk-Service Thomas Hofer ihr verl\u00e4ssliches Baumeister-Einzelunternehmen mit Sitz in Obermillstatt. [&hellip;]<\/p>\n","protected":false},"author":1,"featured_media":0,"parent":0,"menu_order":0,"comment_status":"closed","ping_status":"closed","template":"","meta":{"site-sidebar-layout":"default","site-content-layout":"","ast-site-content-layout":"default","site-content-style":"default","site-sidebar-style":"default","ast-global-header-display":"disabled","ast-banner-title-visibility":"","ast-main-header-display":"","ast-hfb-above-header-display":"","ast-hfb-below-header-display":"","ast-hfb-mobile-header-display":"","site-post-title":"disabled","ast-breadcrumbs-content":"","ast-featured-img":"","footer-sml-layout":"","ast-disable-related-posts":"","theme-transparent-header-meta":"","adv-header-id-meta":"","stick-header-meta":"","header-above-stick-meta":"","header-main-stick-meta":"","header-below-stick-meta":"","astra-migrate-meta-layouts":"default","ast-page-background-enabled":"default","ast-page-background-meta":{"desktop":{"background-color":"var(--ast-global-color-5)","background-image":"","background-repeat":"repeat","background-position":"center center","background-size":"auto","background-attachment":"scroll","background-type":"","background-media":"","overlay-type":"","overlay-color":"","overlay-opacity":"","overlay-gradient":""},"tablet":{"background-color":"","background-image":"","background-repeat":"repeat","background-position":"center center","background-size":"auto","background-attachment":"scroll","background-type":"","background-media":"","overlay-type":"","overlay-color":"","overlay-opacity":"","overlay-gradient":""},"mobile":{"background-color":"","background-image":"","background-repeat":"repeat","background-position":"center center","background-size":"auto","background-attachment":"scroll","background-type":"","background-media":"","overlay-type":"","overlay-color":"","overlay-opacity":"","overlay-gradient":""}},"ast-content-background-meta":{"desktop":{"background-color":"var(--ast-global-color-4)","background-image":"","background-repeat":"repeat","background-position":"center center","background-size":"auto","background-attachment":"scroll","background-type":"","background-media":"","overlay-type":"","overlay-color":"","overlay-opacity":"","overlay-gradient":""},"tablet":{"background-color":"var(--ast-global-color-4)","background-image":"","background-repeat":"repeat","background-position":"center center","background-size":"auto","background-attachment":"scroll","background-type":"","background-media":"","overlay-type":"","overlay-color":"","overlay-opacity":"","overlay-gradient":""},"mobile":{"background-color":"var(--ast-global-color-4)","background-image":"","background-repeat":"repeat","background-position":"center center","background-size":"auto","background-attachment":"scroll","background-type":"","background-media":"","overlay-type":"","overlay-color":"","overlay-opacity":"","overlay-gradient":""}},"footnotes":""},"class_list":["post-8","page","type-page","status-publish","hentry"],"_links":{"self":[{"href":"https:\/\/bau-handwerk-service.at\/index.php?rest_route=\/wp\/v2\/pages\/8","targetHints":{"allow":["GET"]}}],"collection":[{"href":"https:\/\/bau-handwerk-service.at\/index.php?rest_route=\/wp\/v2\/pages"}],"about":[{"href":"https:\/\/bau-handwerk-service.at\/index.php?rest_route=\/wp\/v2\/types\/page"}],"author":[{"embeddable":true,"href":"https:\/\/bau-handwerk-service.at\/index.php?rest_route=\/wp\/v2\/users\/1"}],"replies":[{"embeddable":true,"href":"https:\/\/bau-handwerk-service.at\/index.php?rest_route=%2Fwp%2Fv2%2Fcomments&post=8"}],"version-history":[{"count":13,"href":"https:\/\/bau-handwerk-service.at\/index.php?rest_route=\/wp\/v2\/pages\/8\/revisions"}],"predecessor-version":[{"id":27,"href":"https:\/\/bau-handwerk-service.at\/index.php?rest_route=\/wp\/v2\/pages\/8\/revisions\/27"}],"wp:attachment":[{"href":"https:\/\/bau-handwerk-service.at\/index.php?rest_route=%2Fwp%2Fv2%2Fmedia&parent=8"}],"curies":[{"name":"wp","href":"https:\/\/api.w.org\/{rel}","templated":true}]}}